{"id":462,"date":"2018-05-17T13:21:43","date_gmt":"2018-05-17T13:21:43","guid":{"rendered":"https:\/\/spoiguesthouse.is\/rolunk\/"},"modified":"2025-03-12T16:49:37","modified_gmt":"2025-03-12T16:49:37","slug":"rolunk","status":"publish","type":"page","link":"https:\/\/spoiguesthouse.is\/hu\/rolunk\/","title":{"rendered":"R\u00f3lunk"},"content":{"rendered":"\t\t<div data-elementor-type=\"wp-post\" data-elementor-id=\"462\" class=\"elementor elementor-462 elementor-31\" data-elementor-post-type=\"page\">\n\t\t\t\t\t\t<section class=\"elementor-section elementor-top-section elementor-element elementor-element-59114190 elementor-section-content-middle elementor-section-boxed elementor-section-height-default elementor-section-height-default\" data-id=\"59114190\" data-element_type=\"section\" data-e-type=\"section\" data-settings=\"{&quot;background_background&quot;:&quot;classic&quot;}\">\n\t\t\t\t\t\t\t<div class=\"elementor-background-overlay\"><\/div>\n\t\t\t\t\t\t\t<div class=\"elementor-container elementor-column-gap-default\">\n\t\t\t\t\t<div class=\"elementor-column elementor-col-50 elementor-top-column elementor-element elementor-element-37ad8234\" data-id=\"37ad8234\" data-element_type=\"column\" data-e-type=\"column\">\n\t\t\t<div class=\"elementor-widget-wrap elementor-element-populated\">\n\t\t\t\t\t\t<div class=\"elementor-element elementor-element-3f9d7cf6 elementor-widget elementor-widget-heading\" data-id=\"3f9d7cf6\" data-element_type=\"widget\" data-e-type=\"widget\" data-widget_type=\"heading.default\">\n\t\t\t\t\t<h2 class=\"elementor-heading-title elementor-size-large\">R\u00f3lunk<\/h2>\t\t\t\t<\/div>\n\t\t\t\t<div class=\"elementor-element elementor-element-50dceb31 elementor-widget-divider--view-line elementor-widget elementor-widget-divider\" data-id=\"50dceb31\" data-element_type=\"widget\" data-e-type=\"widget\" data-widget_type=\"divider.default\">\n\t\t\t\t\t\t\t<div class=\"elementor-divider\">\n\t\t\t<span class=\"elementor-divider-separator\">\n\t\t\t\t\t\t<\/span>\n\t\t<\/div>\n\t\t\t\t\t\t<\/div>\n\t\t\t\t<div class=\"elementor-element elementor-element-12069043 elementor-widget elementor-widget-text-editor\" data-id=\"12069043\" data-element_type=\"widget\" data-e-type=\"widget\" data-widget_type=\"text-editor.default\">\n\t\t\t\t\t\t\t\t\t<p>Kedves Vend\u00e9gek,<\/p>\n<p>N\u00e9meth Kitti vagyok \u00e9s b\u00fcszk\u00e9n k\u00e9pviselem a Sp\u00f3i Vend\u00e9gh\u00e1zat, a csal\u00e1di v\u00e1llalkoz\u00e1sunkat. Vend\u00e9gh\u00e1zunk Hvolsv\u00f6llurban tal\u00e1lhat\u00f3, egy gy\u00f6ny\u00f6r\u0171 j\u00f3 elhelyezked\u00e9s\u0171 kis v\u00e1rosban D\u00e9l-Izlandon.<\/p>\n<p>A Sp\u00f3i Vend\u00e9gh\u00e1zban arra t\u00f6reksz\u00fcnk, hogy vend\u00e9geinknek kellemes \u00e9s k\u00e9nyelmes \u00e9lm\u00e9nyt ny\u00fajtsunk. K\u00fcl\u00f6nb\u00f6z\u0151 ig\u00e9nyekhez igazod\u00f3, j\u00f3l felszerelt szob\u00e1kat k\u00edn\u00e1lunk, legyen sz\u00f3 egy k\u00e9nyelmes egy\u00e1gyas szob\u00e1r\u00f3l vagy egy francia\u00e1ggyal rendelkez\u0151 szob\u00e1r\u00f3l, mik\u00f6zben felfedezi D\u00e9l-Izland csod\u00e1it.<br \/>K\u00e9nyelmes sz\u00e1ll\u00e1sunk mellett kiv\u00e1l\u00f3 elhelyezked\u00e9ssel is rendelkez\u00fcnk a k\u00fcl\u00f6nb\u00f6z\u0151 l\u00e1tnival\u00f3k \u00e9s nevezetess\u00e9gek k\u00f6zel\u00e9ben. K\u00f6nnyed\u00e9n felfedezheted a l\u00e9legzetel\u00e1ll\u00edt\u00f3 term\u00e9szetet, p\u00e9ld\u00e1ul a leny\u0171g\u00f6z\u0151 v\u00edzes\u00e9seket \u00e9s az Izland h\u00edres leny\u0171g\u00f6z\u0151 t\u00e1jait. Reykjav\u00edkt\u00f3l mind\u00f6ssze 100km-re, V\u00edkt\u0151l mind\u00f6ssze 70km-re vagyunk. Nagyszer\u0171 elhelyezked\u00e9s D\u00e9l-Izlandot felfedezni v\u00e1gy\u00f3knak.<\/p>\n<p>Csal\u00e1di v\u00e1llalkoz\u00e1sk\u00e9nt nagy b\u00fcszkes\u00e9ggel t\u00f6lt el minket, hogy szem\u00e9lyre szabott szolg\u00e1ltat\u00e1st \u00e9s meleg bar\u00e1ts\u00e1gos l\u00e9gk\u00f6rt k\u00edn\u00e1lhatunk. Elk\u00f6telezettek vagyunk amellett, hogy eml\u00e9kezetess\u00e9 tegy\u00fck az itt t\u00f6lt\u00f6tt idej\u00e9t, \u00e9s val\u00f3ban autentikus izlandi \u00e9lm\u00e9nyt biztos\u00edtunk.<br \/>L\u00e9pjen kapcsolatba vel\u00fcnk, \u00edrjon magyarul emailt vagy h\u00edvjon telefonon.<br \/>Szeretettel v\u00e1rjuk a Sp\u00f3i Vend\u00e9gh\u00e1zban<br \/>\u00dcdv\u00f6zlettel,<br \/>Kitti N\u00e9meth \u00e9s Csal\u00e1dja<\/p>\n\t\t\t\t\t\t\t\t<\/div>\n\t\t\t\t\t<\/div>\n\t\t<\/div>\n\t\t\t\t<div class=\"elementor-column elementor-col-50 elementor-top-column elementor-element elementor-element-404461e4\" data-id=\"404461e4\" data-element_type=\"column\" data-e-type=\"column\">\n\t\t\t<div class=\"elementor-widget-wrap elementor-element-populated\">\n\t\t\t\t\t\t<div class=\"elementor-element elementor-element-a979bce elementor-widget elementor-widget-image\" data-id=\"a979bce\" data-element_type=\"widget\" data-e-type=\"widget\" data-widget_type=\"image.default\">\n\t\t\t\t\t\t\t\t\t\t\t\t\t\t\t<img fetchpriority=\"high\" decoding=\"async\" width=\"517\" height=\"929\" src=\"https:\/\/spoiguesthouse.is\/wp-content\/uploads\/2023\/06\/Kitti-Nemeth.jpg\" class=\"attachment-large size-large wp-image-422\" alt=\"\" srcset=\"https:\/\/spoiguesthouse.is\/wp-content\/uploads\/2023\/06\/Kitti-Nemeth.jpg 517w, https:\/\/spoiguesthouse.is\/wp-content\/uploads\/2023\/06\/Kitti-Nemeth-167x300.jpg 167w\" sizes=\"(max-width: 517px) 100vw, 517px\" \/>\t\t\t\t\t\t\t\t\t\t\t\t\t\t\t<\/div>\n\t\t\t\t\t<\/div>\n\t\t<\/div>\n\t\t\t\t\t<\/div>\n\t\t<\/section>\n\t\t\t\t<section class=\"elementor-section elementor-top-section elementor-element elementor-element-781ec233 elementor-section-boxed elementor-section-height-default elementor-section-height-default\" data-id=\"781ec233\" data-element_type=\"section\" data-e-type=\"section\">\n\t\t\t\t\t\t<div class=\"elementor-container elementor-column-gap-default\">\n\t\t\t\t\t<div class=\"elementor-column elementor-col-100 elementor-top-column elementor-element elementor-element-2ea31f78\" data-id=\"2ea31f78\" data-element_type=\"column\" data-e-type=\"column\">\n\t\t\t<div class=\"elementor-widget-wrap elementor-element-populated\">\n\t\t\t\t\t\t<div class=\"elementor-element elementor-element-5d90a0e5 elementor-align-center elementor-widget elementor-widget-button\" data-id=\"5d90a0e5\" data-element_type=\"widget\" data-e-type=\"widget\" data-widget_type=\"button.default\">\n\t\t\t\t\t\t\t\t\t\t<a class=\"elementor-button elementor-button-link elementor-size-sm\" href=\"https:\/\/property.godo.is\/booking.php?propid=45625&#038;referer=BookingLink\" target=\"_blank\" rel=\"nofollow\">\n\t\t\t\t\t\t<span class=\"elementor-button-content-wrapper\">\n\t\t\t\t\t\t\t\t\t<span class=\"elementor-button-text\">Online Sz\u00e1ll\u00e1s Foglal\u00e1s<\/span>\n\t\t\t\t\t<\/span>\n\t\t\t\t\t<\/a>\n\t\t\t\t\t\t\t\t<\/div>\n\t\t\t\t\t<\/div>\n\t\t<\/div>\n\t\t\t\t\t<\/div>\n\t\t<\/section>\n\t\t\t\t<\/div>\n\t\t","protected":false},"excerpt":{"rendered":"<p>R\u00f3lunk Kedves Vend\u00e9gek, N\u00e9meth Kitti vagyok \u00e9s b\u00fcszk\u00e9n k\u00e9pviselem a Sp\u00f3i Vend\u00e9gh\u00e1zat, a csal\u00e1di v\u00e1llalkoz\u00e1sunkat. Vend\u00e9gh\u00e1zunk Hvolsv\u00f6llurban tal\u00e1lhat\u00f3, egy gy\u00f6ny\u00f6r\u0171 j\u00f3 elhelyezked\u00e9s\u0171 kis v\u00e1rosban D\u00e9l-Izlandon. A Sp\u00f3i Vend\u00e9gh\u00e1zban arra t\u00f6reksz\u00fcnk, hogy vend\u00e9geinknek kellemes \u00e9s k\u00e9nyelmes \u00e9lm\u00e9nyt ny\u00fajtsunk. K\u00fcl\u00f6nb\u00f6z\u0151 ig\u00e9nyekhez igazod\u00f3, j\u00f3l felszerelt szob\u00e1kat k\u00edn\u00e1lunk, legyen sz\u00f3 egy k\u00e9nyelmes egy\u00e1gyas szob\u00e1r\u00f3l vagy egy francia\u00e1ggyal rendelkez\u0151 szob\u00e1r\u00f3l, [&hellip;]<\/p>\n","protected":false},"author":4,"featured_media":0,"parent":0,"menu_order":0,"comment_status":"closed","ping_status":"closed","template":"","meta":{"ocean_post_layout":"full-screen","ocean_both_sidebars_style":"","ocean_both_sidebars_content_width":0,"ocean_both_sidebars_sidebars_width":0,"ocean_sidebar":"0","ocean_second_sidebar":"0","ocean_disable_margins":"enable","ocean_add_body_class":"","ocean_shortcode_before_top_bar":"","ocean_shortcode_after_top_bar":"","ocean_shortcode_before_header":"","ocean_shortcode_after_header":"","ocean_has_shortcode":"","ocean_shortcode_after_title":"","ocean_shortcode_before_footer_widgets":"","ocean_shortcode_after_footer_widgets":"","ocean_shortcode_before_footer_bottom":"","ocean_shortcode_after_footer_bottom":"","ocean_display_top_bar":"default","ocean_display_header":"default","ocean_header_style":"","ocean_center_header_left_menu":"0","ocean_custom_header_template":"0","ocean_custom_logo":0,"ocean_custom_retina_logo":0,"ocean_custom_logo_max_width":0,"ocean_custom_logo_tablet_max_width":0,"ocean_custom_logo_mobile_max_width":0,"ocean_custom_logo_max_height":0,"ocean_custom_logo_tablet_max_height":0,"ocean_custom_logo_mobile_max_height":0,"ocean_header_custom_menu":"0","ocean_menu_typo_font_family":"","ocean_menu_typo_font_subset":"","ocean_menu_typo_font_size":0,"ocean_menu_typo_font_size_tablet":0,"ocean_menu_typo_font_size_mobile":0,"ocean_menu_typo_font_size_unit":"px","ocean_menu_typo_font_weight":"","ocean_menu_typo_font_weight_tablet":"","ocean_menu_typo_font_weight_mobile":"","ocean_menu_typo_transform":"","ocean_menu_typo_transform_tablet":"","ocean_menu_typo_transform_mobile":"","ocean_menu_typo_line_height":0,"ocean_menu_typo_line_height_tablet":0,"ocean_menu_typo_line_height_mobile":0,"ocean_menu_typo_line_height_unit":"","ocean_menu_typo_spacing":0,"ocean_menu_typo_spacing_tablet":0,"ocean_menu_typo_spacing_mobile":0,"ocean_menu_typo_spacing_unit":"","ocean_menu_link_color":"","ocean_menu_link_color_hover":"","ocean_menu_link_color_active":"","ocean_menu_link_background":"","ocean_menu_link_hover_background":"","ocean_menu_link_active_background":"","ocean_menu_social_links_bg":"","ocean_menu_social_hover_links_bg":"","ocean_menu_social_links_color":"","ocean_menu_social_hover_links_color":"","ocean_disable_title":"on","ocean_disable_heading":"default","ocean_post_title":"","ocean_post_subheading":"","ocean_post_title_style":"","ocean_post_title_background_color":"","ocean_post_title_background":0,"ocean_post_title_bg_image_position":"","ocean_post_title_bg_image_attachment":"","ocean_post_title_bg_image_repeat":"","ocean_post_title_bg_image_size":"","ocean_post_title_height":0,"ocean_post_title_bg_overlay":0.5,"ocean_post_title_bg_overlay_color":"","ocean_disable_breadcrumbs":"default","ocean_breadcrumbs_color":"","ocean_breadcrumbs_separator_color":"","ocean_breadcrumbs_links_color":"","ocean_breadcrumbs_links_hover_color":"","ocean_display_footer_widgets":"default","ocean_display_footer_bottom":"default","ocean_custom_footer_template":"","footnotes":""},"class_list":["post-462","page","type-page","status-publish","hentry","entry"],"_links":{"self":[{"href":"https:\/\/spoiguesthouse.is\/hu\/wp-json\/wp\/v2\/pages\/462","targetHints":{"allow":["GET"]}}],"collection":[{"href":"https:\/\/spoiguesthouse.is\/hu\/wp-json\/wp\/v2\/pages"}],"about":[{"href":"https:\/\/spoiguesthouse.is\/hu\/wp-json\/wp\/v2\/types\/page"}],"author":[{"embeddable":true,"href":"https:\/\/spoiguesthouse.is\/hu\/wp-json\/wp\/v2\/users\/4"}],"replies":[{"embeddable":true,"href":"https:\/\/spoiguesthouse.is\/hu\/wp-json\/wp\/v2\/comments?post=462"}],"version-history":[{"count":5,"href":"https:\/\/spoiguesthouse.is\/hu\/wp-json\/wp\/v2\/pages\/462\/revisions"}],"predecessor-version":[{"id":923,"href":"https:\/\/spoiguesthouse.is\/hu\/wp-json\/wp\/v2\/pages\/462\/revisions\/923"}],"wp:attachment":[{"href":"https:\/\/spoiguesthouse.is\/hu\/wp-json\/wp\/v2\/media?parent=462"}],"curies":[{"name":"wp","href":"https:\/\/api.w.org\/{rel}","templated":true}]}}