{"id":757,"date":"2024-09-04T06:20:25","date_gmt":"2024-09-04T06:20:25","guid":{"rendered":"https:\/\/spoiguesthouse.is\/csiz\/"},"modified":"2024-09-04T06:44:35","modified_gmt":"2024-09-04T06:44:35","slug":"csiz","status":"publish","type":"page","link":"https:\/\/spoiguesthouse.is\/hu\/csiz\/","title":{"rendered":"Cs\u00edz"},"content":{"rendered":"\t\t<div data-elementor-type=\"wp-page\" data-elementor-id=\"757\" class=\"elementor elementor-757\" data-elementor-post-type=\"page\">\n\t\t\t\t\t\t<section class=\"elementor-section elementor-top-section elementor-element elementor-element-60489225 elementor-section-boxed elementor-section-height-default elementor-section-height-default\" data-id=\"60489225\" data-element_type=\"section\" data-e-type=\"section\" data-settings=\"{&quot;background_background&quot;:&quot;classic&quot;}\">\n\t\t\t\t\t\t\t<div class=\"elementor-background-overlay\"><\/div>\n\t\t\t\t\t\t\t<div class=\"elementor-container elementor-column-gap-default\">\n\t\t\t\t\t<div class=\"elementor-column elementor-col-100 elementor-top-column elementor-element elementor-element-64388eca\" data-id=\"64388eca\" data-element_type=\"column\" data-e-type=\"column\">\n\t\t\t<div class=\"elementor-widget-wrap elementor-element-populated\">\n\t\t\t\t\t\t<div class=\"elementor-element elementor-element-77eafc34 elementor-widget elementor-widget-text-editor\" data-id=\"77eafc34\" data-element_type=\"widget\" data-e-type=\"widget\" data-widget_type=\"text-editor.default\">\n\t\t\t\t\t\t\t\t\t<p>Annyira kedves v\u00e9lem\u00e9nyeket kaptam\u2014nagyon k\u00f6sz\u00f6n\u00f6m! Az ilyen visszajelz\u00e9sek igaz\u00e1n sz\u00edvmelenget\u0151, ez\u00e9rt d\u00f6nt\u00f6ttem \u00fagy, hogy bevezetem ezt az \u00faj lehet\u0151s\u00e9get a weboldalamon.<\/p>\n\t\t\t\t\t\t\t\t<\/div>\n\t\t\t\t<div class=\"elementor-element elementor-element-a2c28fc elementor-button-align-stretch elementor-widget elementor-widget-form\" data-id=\"a2c28fc\" data-element_type=\"widget\" data-e-type=\"widget\" data-settings=\"{&quot;step_next_label&quot;:&quot;Next&quot;,&quot;step_previous_label&quot;:&quot;Previous&quot;,&quot;button_width&quot;:&quot;100&quot;,&quot;step_type&quot;:&quot;number_text&quot;,&quot;step_icon_shape&quot;:&quot;circle&quot;}\" data-widget_type=\"form.default\">\n\t\t\t\t\t\t\t<form class=\"elementor-form\" method=\"post\" name=\"Cs\u00edz\" aria-label=\"Cs\u00edz\">\n\t\t\t<input type=\"hidden\" name=\"post_id\" value=\"757\"\/>\n\t\t\t<input type=\"hidden\" name=\"form_id\" value=\"a2c28fc\"\/>\n\t\t\t<input type=\"hidden\" name=\"referer_title\" value=\"\" \/>\n\n\t\t\t\n\t\t\t<div class=\"elementor-form-fields-wrapper elementor-labels-above\">\n\t\t\t\t\t\t\t\t<div class=\"elementor-field-type-upload elementor-field-group elementor-column elementor-field-group-message elementor-col-100 elementor-field-required\">\n\t\t\t\t\t\t\t\t\t\t\t\t<label for=\"form-field-message\" class=\"elementor-field-label\">\n\t\t\t\t\t\t\t\tK\u00e9p(ek)\t\t\t\t\t\t\t<\/label>\n\t\t\t\t\t\t\t\t<input type=\"file\" name=\"form_fields[message][]\" id=\"form-field-message\" class=\"elementor-field elementor-size-sm  elementor-upload-field\" required=\"required\" multiple=\"multiple\">\n\n\t\t\t\t\t\t<\/div>\n\t\t\t\t\t\t\t\t<div class=\"elementor-field-group elementor-column elementor-field-type-submit elementor-col-100 e-form__buttons\">\n\t\t\t\t\t<button class=\"elementor-button elementor-size-sm\" type=\"submit\">\n\t\t\t\t\t\t<span class=\"elementor-button-content-wrapper\">\n\t\t\t\t\t\t\t\t\t\t\t\t\t\t\t\t\t\t\t\t\t\t<span class=\"elementor-button-text\">Elk\u00fcld\u00f6m<\/span>\n\t\t\t\t\t\t\t\t\t\t\t\t\t<\/span>\n\t\t\t\t\t<\/button>\n\t\t\t\t<\/div>\n\t\t\t<\/div>\n\t\t<\/form>\n\t\t\t\t\t\t<\/div>\n\t\t\t\t<div class=\"elementor-element elementor-element-8508fc0 elementor-widget elementor-widget-gallery\" data-id=\"8508fc0\" data-element_type=\"widget\" data-e-type=\"widget\" data-settings=\"{&quot;gallery_layout&quot;:&quot;masonry&quot;,&quot;lazyload&quot;:&quot;yes&quot;,&quot;columns&quot;:4,&quot;columns_tablet&quot;:2,&quot;columns_mobile&quot;:1,&quot;gap&quot;:{&quot;unit&quot;:&quot;px&quot;,&quot;size&quot;:10,&quot;sizes&quot;:[]},&quot;gap_tablet&quot;:{&quot;unit&quot;:&quot;px&quot;,&quot;size&quot;:10,&quot;sizes&quot;:[]},&quot;gap_mobile&quot;:{&quot;unit&quot;:&quot;px&quot;,&quot;size&quot;:10,&quot;sizes&quot;:[]},&quot;link_to&quot;:&quot;file&quot;,&quot;overlay_background&quot;:&quot;yes&quot;,&quot;content_hover_animation&quot;:&quot;fade-in&quot;}\" data-widget_type=\"gallery.default\">\n\t\t\t\t\t\t\t<div class=\"elementor-gallery__container\">\n\t\t\t\t\t\t\t<a class=\"e-gallery-item elementor-gallery-item elementor-animated-content\" href=\"https:\/\/spoiguesthouse.is\/wp-content\/uploads\/2024\/09\/428650270_894263079376615_646980398943808080_n.jpg\" data-elementor-open-lightbox=\"yes\" data-elementor-lightbox-slideshow=\"8508fc0\" data-e-action-hash=\"#elementor-action%3Aaction%3Dlightbox%26settings%3DeyJpZCI6NzE5LCJ1cmwiOiJodHRwczpcL1wvc3BvaWd1ZXN0aG91c2UuaXNcL3dwLWNvbnRlbnRcL3VwbG9hZHNcLzIwMjRcLzA5XC80Mjg2NTAyNzBfODk0MjYzMDc5Mzc2NjE1XzY0Njk4MDM5ODk0MzgwODA4MF9uLmpwZyIsInNsaWRlc2hvdyI6Ijg1MDhmYzAifQ%3D%3D\">\n\t\t\t\t\t<div class=\"e-gallery-image elementor-gallery-item__image\" data-thumbnail=\"https:\/\/spoiguesthouse.is\/wp-content\/uploads\/2024\/09\/428650270_894263079376615_646980398943808080_n-768x1024.jpg\" data-width=\"768\" data-height=\"1024\" aria-label=\"\" role=\"img\" ><\/div>\n\t\t\t\t\t\t\t\t\t\t\t<div class=\"elementor-gallery-item__overlay\"><\/div>\n\t\t\t\t\t\t\t\t\t\t\t\t\t\t<\/a>\n\t\t\t\t\t\t\t<a class=\"e-gallery-item elementor-gallery-item elementor-animated-content\" href=\"https:\/\/spoiguesthouse.is\/wp-content\/uploads\/2024\/09\/434314417_921282433341346_6864629411848710428_n.jpg\" data-elementor-open-lightbox=\"yes\" data-elementor-lightbox-slideshow=\"8508fc0\" data-e-action-hash=\"#elementor-action%3Aaction%3Dlightbox%26settings%3DeyJpZCI6NzIxLCJ1cmwiOiJodHRwczpcL1wvc3BvaWd1ZXN0aG91c2UuaXNcL3dwLWNvbnRlbnRcL3VwbG9hZHNcLzIwMjRcLzA5XC80MzQzMTQ0MTdfOTIxMjgyNDMzMzQxMzQ2XzY4NjQ2Mjk0MTE4NDg3MTA0Mjhfbi5qcGciLCJzbGlkZXNob3ciOiI4NTA4ZmMwIn0%3D\">\n\t\t\t\t\t<div class=\"e-gallery-image elementor-gallery-item__image\" data-thumbnail=\"https:\/\/spoiguesthouse.is\/wp-content\/uploads\/2024\/09\/434314417_921282433341346_6864629411848710428_n-768x1024.jpg\" data-width=\"768\" data-height=\"1024\" aria-label=\"\" role=\"img\" ><\/div>\n\t\t\t\t\t\t\t\t\t\t\t<div class=\"elementor-gallery-item__overlay\"><\/div>\n\t\t\t\t\t\t\t\t\t\t\t\t\t\t<\/a>\n\t\t\t\t\t\t\t<a class=\"e-gallery-item elementor-gallery-item elementor-animated-content\" href=\"https:\/\/spoiguesthouse.is\/wp-content\/uploads\/2024\/09\/434326513_921282316674691_2080906003592303756_n.jpg\" data-elementor-open-lightbox=\"yes\" data-elementor-lightbox-slideshow=\"8508fc0\" data-e-action-hash=\"#elementor-action%3Aaction%3Dlightbox%26settings%3DeyJpZCI6NzIzLCJ1cmwiOiJodHRwczpcL1wvc3BvaWd1ZXN0aG91c2UuaXNcL3dwLWNvbnRlbnRcL3VwbG9hZHNcLzIwMjRcLzA5XC80MzQzMjY1MTNfOTIxMjgyMzE2Njc0NjkxXzIwODA5MDYwMDM1OTIzMDM3NTZfbi5qcGciLCJzbGlkZXNob3ciOiI4NTA4ZmMwIn0%3D\">\n\t\t\t\t\t<div class=\"e-gallery-image elementor-gallery-item__image\" data-thumbnail=\"https:\/\/spoiguesthouse.is\/wp-content\/uploads\/2024\/09\/434326513_921282316674691_2080906003592303756_n-768x1024.jpg\" data-width=\"768\" data-height=\"1024\" aria-label=\"\" role=\"img\" ><\/div>\n\t\t\t\t\t\t\t\t\t\t\t<div class=\"elementor-gallery-item__overlay\"><\/div>\n\t\t\t\t\t\t\t\t\t\t\t\t\t\t<\/a>\n\t\t\t\t\t\t\t<a class=\"e-gallery-item elementor-gallery-item elementor-animated-content\" href=\"https:\/\/spoiguesthouse.is\/wp-content\/uploads\/2024\/09\/435127051_921282736674649_5787549962963359819_n.jpg\" data-elementor-open-lightbox=\"yes\" data-elementor-lightbox-slideshow=\"8508fc0\" data-e-action-hash=\"#elementor-action%3Aaction%3Dlightbox%26settings%3DeyJpZCI6NzI1LCJ1cmwiOiJodHRwczpcL1wvc3BvaWd1ZXN0aG91c2UuaXNcL3dwLWNvbnRlbnRcL3VwbG9hZHNcLzIwMjRcLzA5XC80MzUxMjcwNTFfOTIxMjgyNzM2Njc0NjQ5XzU3ODc1NDk5NjI5NjMzNTk4MTlfbi5qcGciLCJzbGlkZXNob3ciOiI4NTA4ZmMwIn0%3D\">\n\t\t\t\t\t<div class=\"e-gallery-image elementor-gallery-item__image\" data-thumbnail=\"https:\/\/spoiguesthouse.is\/wp-content\/uploads\/2024\/09\/435127051_921282736674649_5787549962963359819_n-768x1024.jpg\" data-width=\"768\" data-height=\"1024\" aria-label=\"\" role=\"img\" ><\/div>\n\t\t\t\t\t\t\t\t\t\t\t<div class=\"elementor-gallery-item__overlay\"><\/div>\n\t\t\t\t\t\t\t\t\t\t\t\t\t\t<\/a>\n\t\t\t\t\t\t\t<a class=\"e-gallery-item elementor-gallery-item elementor-animated-content\" href=\"https:\/\/spoiguesthouse.is\/wp-content\/uploads\/2024\/09\/443697290_952518236884432_1455783932072637243_n.jpg\" data-elementor-open-lightbox=\"yes\" data-elementor-lightbox-slideshow=\"8508fc0\" data-e-action-hash=\"#elementor-action%3Aaction%3Dlightbox%26settings%3DeyJpZCI6NzI3LCJ1cmwiOiJodHRwczpcL1wvc3BvaWd1ZXN0aG91c2UuaXNcL3dwLWNvbnRlbnRcL3VwbG9hZHNcLzIwMjRcLzA5XC80NDM2OTcyOTBfOTUyNTE4MjM2ODg0NDMyXzE0NTU3ODM5MzIwNzI2MzcyNDNfbi5qcGciLCJzbGlkZXNob3ciOiI4NTA4ZmMwIn0%3D\">\n\t\t\t\t\t<div class=\"e-gallery-image elementor-gallery-item__image\" data-thumbnail=\"https:\/\/spoiguesthouse.is\/wp-content\/uploads\/2024\/09\/443697290_952518236884432_1455783932072637243_n-768x1519.jpg\" data-width=\"768\" data-height=\"1519\" aria-label=\"\" role=\"img\" ><\/div>\n\t\t\t\t\t\t\t\t\t\t\t<div class=\"elementor-gallery-item__overlay\"><\/div>\n\t\t\t\t\t\t\t\t\t\t\t\t\t\t<\/a>\n\t\t\t\t\t\t\t<a class=\"e-gallery-item elementor-gallery-item elementor-animated-content\" href=\"https:\/\/spoiguesthouse.is\/wp-content\/uploads\/2024\/09\/443821047_952518273551095_5123382407371999244_n.jpg\" data-elementor-open-lightbox=\"yes\" data-elementor-lightbox-slideshow=\"8508fc0\" data-e-action-hash=\"#elementor-action%3Aaction%3Dlightbox%26settings%3DeyJpZCI6NzI5LCJ1cmwiOiJodHRwczpcL1wvc3BvaWd1ZXN0aG91c2UuaXNcL3dwLWNvbnRlbnRcL3VwbG9hZHNcLzIwMjRcLzA5XC80NDM4MjEwNDdfOTUyNTE4MjczNTUxMDk1XzUxMjMzODI0MDczNzE5OTkyNDRfbi5qcGciLCJzbGlkZXNob3ciOiI4NTA4ZmMwIn0%3D\">\n\t\t\t\t\t<div class=\"e-gallery-image elementor-gallery-item__image\" data-thumbnail=\"https:\/\/spoiguesthouse.is\/wp-content\/uploads\/2024\/09\/443821047_952518273551095_5123382407371999244_n-768x1519.jpg\" data-width=\"768\" data-height=\"1519\" aria-label=\"\" role=\"img\" ><\/div>\n\t\t\t\t\t\t\t\t\t\t\t<div class=\"elementor-gallery-item__overlay\"><\/div>\n\t\t\t\t\t\t\t\t\t\t\t\t\t\t<\/a>\n\t\t\t\t\t\t\t<a class=\"e-gallery-item elementor-gallery-item elementor-animated-content\" href=\"https:\/\/spoiguesthouse.is\/wp-content\/uploads\/2024\/09\/447967572_969028301900092_3797466830203890584_n.jpg\" data-elementor-open-lightbox=\"yes\" data-elementor-lightbox-slideshow=\"8508fc0\" data-e-action-hash=\"#elementor-action%3Aaction%3Dlightbox%26settings%3DeyJpZCI6NzMxLCJ1cmwiOiJodHRwczpcL1wvc3BvaWd1ZXN0aG91c2UuaXNcL3dwLWNvbnRlbnRcL3VwbG9hZHNcLzIwMjRcLzA5XC80NDc5Njc1NzJfOTY5MDI4MzAxOTAwMDkyXzM3OTc0NjY4MzAyMDM4OTA1ODRfbi5qcGciLCJzbGlkZXNob3ciOiI4NTA4ZmMwIn0%3D\">\n\t\t\t\t\t<div class=\"e-gallery-image elementor-gallery-item__image\" data-thumbnail=\"https:\/\/spoiguesthouse.is\/wp-content\/uploads\/2024\/09\/447967572_969028301900092_3797466830203890584_n-768x1519.jpg\" data-width=\"768\" data-height=\"1519\" aria-label=\"\" role=\"img\" ><\/div>\n\t\t\t\t\t\t\t\t\t\t\t<div class=\"elementor-gallery-item__overlay\"><\/div>\n\t\t\t\t\t\t\t\t\t\t\t\t\t\t<\/a>\n\t\t\t\t\t\t\t<a class=\"e-gallery-item elementor-gallery-item elementor-animated-content\" href=\"https:\/\/spoiguesthouse.is\/wp-content\/uploads\/2024\/09\/452136535_1000796698723252_2393195968360605648_n.jpg\" data-elementor-open-lightbox=\"yes\" data-elementor-lightbox-slideshow=\"8508fc0\" data-e-action-hash=\"#elementor-action%3Aaction%3Dlightbox%26settings%3DeyJpZCI6NzMzLCJ1cmwiOiJodHRwczpcL1wvc3BvaWd1ZXN0aG91c2UuaXNcL3dwLWNvbnRlbnRcL3VwbG9hZHNcLzIwMjRcLzA5XC80NTIxMzY1MzVfMTAwMDc5NjY5ODcyMzI1Ml8yMzkzMTk1OTY4MzYwNjA1NjQ4X24uanBnIiwic2xpZGVzaG93IjoiODUwOGZjMCJ9\">\n\t\t\t\t\t<div class=\"e-gallery-image elementor-gallery-item__image\" data-thumbnail=\"https:\/\/spoiguesthouse.is\/wp-content\/uploads\/2024\/09\/452136535_1000796698723252_2393195968360605648_n-768x1024.jpg\" data-width=\"768\" data-height=\"1024\" aria-label=\"\" role=\"img\" ><\/div>\n\t\t\t\t\t\t\t\t\t\t\t<div class=\"elementor-gallery-item__overlay\"><\/div>\n\t\t\t\t\t\t\t\t\t\t\t\t\t\t<\/a>\n\t\t\t\t\t\t\t<a class=\"e-gallery-item elementor-gallery-item elementor-animated-content\" href=\"https:\/\/spoiguesthouse.is\/wp-content\/uploads\/2024\/09\/455920190_1021716406631281_2265948778310096893_n.jpg\" data-elementor-open-lightbox=\"yes\" data-elementor-lightbox-slideshow=\"8508fc0\" data-e-action-hash=\"#elementor-action%3Aaction%3Dlightbox%26settings%3DeyJpZCI6NzM1LCJ1cmwiOiJodHRwczpcL1wvc3BvaWd1ZXN0aG91c2UuaXNcL3dwLWNvbnRlbnRcL3VwbG9hZHNcLzIwMjRcLzA5XC80NTU5MjAxOTBfMTAyMTcxNjQwNjYzMTI4MV8yMjY1OTQ4Nzc4MzEwMDk2ODkzX24uanBnIiwic2xpZGVzaG93IjoiODUwOGZjMCJ9\">\n\t\t\t\t\t<div class=\"e-gallery-image elementor-gallery-item__image\" data-thumbnail=\"https:\/\/spoiguesthouse.is\/wp-content\/uploads\/2024\/09\/455920190_1021716406631281_2265948778310096893_n-768x1024.jpg\" data-width=\"768\" data-height=\"1024\" aria-label=\"\" role=\"img\" ><\/div>\n\t\t\t\t\t\t\t\t\t\t\t<div class=\"elementor-gallery-item__overlay\"><\/div>\n\t\t\t\t\t\t\t\t\t\t\t\t\t\t<\/a>\n\t\t\t\t\t\t\t<a class=\"e-gallery-item elementor-gallery-item elementor-animated-content\" href=\"https:\/\/spoiguesthouse.is\/wp-content\/uploads\/2024\/09\/456251318_1023446556458266_3330422659868737526_n.jpg\" data-elementor-open-lightbox=\"yes\" data-elementor-lightbox-slideshow=\"8508fc0\" data-e-action-hash=\"#elementor-action%3Aaction%3Dlightbox%26settings%3DeyJpZCI6NzM3LCJ1cmwiOiJodHRwczpcL1wvc3BvaWd1ZXN0aG91c2UuaXNcL3dwLWNvbnRlbnRcL3VwbG9hZHNcLzIwMjRcLzA5XC80NTYyNTEzMThfMTAyMzQ0NjU1NjQ1ODI2Nl8zMzMwNDIyNjU5ODY4NzM3NTI2X24uanBnIiwic2xpZGVzaG93IjoiODUwOGZjMCJ9\">\n\t\t\t\t\t<div class=\"e-gallery-image elementor-gallery-item__image\" data-thumbnail=\"https:\/\/spoiguesthouse.is\/wp-content\/uploads\/2024\/09\/456251318_1023446556458266_3330422659868737526_n-768x1519.jpg\" data-width=\"768\" data-height=\"1519\" aria-label=\"\" role=\"img\" ><\/div>\n\t\t\t\t\t\t\t\t\t\t\t<div class=\"elementor-gallery-item__overlay\"><\/div>\n\t\t\t\t\t\t\t\t\t\t\t\t\t\t<\/a>\n\t\t\t\t\t\t\t<a class=\"e-gallery-item elementor-gallery-item elementor-animated-content\" href=\"https:\/\/spoiguesthouse.is\/wp-content\/uploads\/2024\/09\/d75fb10f-0713-4d48-9f95-0a1be114d615.jpg\" data-elementor-open-lightbox=\"yes\" data-elementor-lightbox-slideshow=\"8508fc0\" data-e-action-hash=\"#elementor-action%3Aaction%3Dlightbox%26settings%3DeyJpZCI6NzM5LCJ1cmwiOiJodHRwczpcL1wvc3BvaWd1ZXN0aG91c2UuaXNcL3dwLWNvbnRlbnRcL3VwbG9hZHNcLzIwMjRcLzA5XC9kNzVmYjEwZi0wNzEzLTRkNDgtOWY5NS0wYTFiZTExNGQ2MTUuanBnIiwic2xpZGVzaG93IjoiODUwOGZjMCJ9\">\n\t\t\t\t\t<div class=\"e-gallery-image elementor-gallery-item__image\" data-thumbnail=\"https:\/\/spoiguesthouse.is\/wp-content\/uploads\/2024\/09\/d75fb10f-0713-4d48-9f95-0a1be114d615-768x1519.jpg\" data-width=\"768\" data-height=\"1519\" aria-label=\"\" role=\"img\" ><\/div>\n\t\t\t\t\t\t\t\t\t\t\t<div class=\"elementor-gallery-item__overlay\"><\/div>\n\t\t\t\t\t\t\t\t\t\t\t\t\t\t<\/a>\n\t\t\t\t\t\t\t<a class=\"e-gallery-item elementor-gallery-item elementor-animated-content\" href=\"https:\/\/spoiguesthouse.is\/wp-content\/uploads\/2024\/09\/67822c5c-b19c-47dd-9033-86b5f1d7d615.jpg\" data-elementor-open-lightbox=\"yes\" data-elementor-lightbox-slideshow=\"8508fc0\" data-e-action-hash=\"#elementor-action%3Aaction%3Dlightbox%26settings%3DeyJpZCI6NzQxLCJ1cmwiOiJodHRwczpcL1wvc3BvaWd1ZXN0aG91c2UuaXNcL3dwLWNvbnRlbnRcL3VwbG9hZHNcLzIwMjRcLzA5XC82NzgyMmM1Yy1iMTljLTQ3ZGQtOTAzMy04NmI1ZjFkN2Q2MTUuanBnIiwic2xpZGVzaG93IjoiODUwOGZjMCJ9\">\n\t\t\t\t\t<div class=\"e-gallery-image elementor-gallery-item__image\" data-thumbnail=\"https:\/\/spoiguesthouse.is\/wp-content\/uploads\/2024\/09\/67822c5c-b19c-47dd-9033-86b5f1d7d615-768x1519.jpg\" data-width=\"768\" data-height=\"1519\" aria-label=\"\" role=\"img\" ><\/div>\n\t\t\t\t\t\t\t\t\t\t\t<div class=\"elementor-gallery-item__overlay\"><\/div>\n\t\t\t\t\t\t\t\t\t\t\t\t\t\t<\/a>\n\t\t\t\t\t<\/div>\n\t\t\t\t\t<\/div>\n\t\t\t\t\t<\/div>\n\t\t<\/div>\n\t\t\t\t\t<\/div>\n\t\t<\/section>\n\t\t\t\t<\/div>\n\t\t","protected":false},"excerpt":{"rendered":"<p>Annyira kedves v\u00e9lem\u00e9nyeket kaptam\u2014nagyon k\u00f6sz\u00f6n\u00f6m! Az ilyen visszajelz\u00e9sek igaz\u00e1n sz\u00edvmelenget\u0151, ez\u00e9rt d\u00f6nt\u00f6ttem \u00fagy, hogy bevezetem ezt az \u00faj lehet\u0151s\u00e9get a weboldalamon.<\/p>\n","protected":false},"author":3,"featured_media":0,"parent":0,"menu_order":0,"comment_status":"closed","ping_status":"closed","template":"elementor_header_footer","meta":{"ocean_post_layout":"","ocean_both_sidebars_style":"","ocean_both_sidebars_content_width":0,"ocean_both_sidebars_sidebars_width":0,"ocean_sidebar":"","ocean_second_sidebar":"","ocean_disable_margins":"enable","ocean_add_body_class":"","ocean_shortcode_before_top_bar":"","ocean_shortcode_after_top_bar":"","ocean_shortcode_before_header":"","ocean_shortcode_after_header":"","ocean_has_shortcode":"","ocean_shortcode_after_title":"","ocean_shortcode_before_footer_widgets":"","ocean_shortcode_after_footer_widgets":"","ocean_shortcode_before_footer_bottom":"","ocean_shortcode_after_footer_bottom":"","ocean_display_top_bar":"default","ocean_display_header":"default","ocean_header_style":"","ocean_center_header_left_menu":"","ocean_custom_header_template":"","ocean_custom_logo":0,"ocean_custom_retina_logo":0,"ocean_custom_logo_max_width":0,"ocean_custom_logo_tablet_max_width":0,"ocean_custom_logo_mobile_max_width":0,"ocean_custom_logo_max_height":0,"ocean_custom_logo_tablet_max_height":0,"ocean_custom_logo_mobile_max_height":0,"ocean_header_custom_menu":"","ocean_menu_typo_font_family":"","ocean_menu_typo_font_subset":"","ocean_menu_typo_font_size":0,"ocean_menu_typo_font_size_tablet":0,"ocean_menu_typo_font_size_mobile":0,"ocean_menu_typo_font_size_unit":"px","ocean_menu_typo_font_weight":"","ocean_menu_typo_font_weight_tablet":"","ocean_menu_typo_font_weight_mobile":"","ocean_menu_typo_transform":"","ocean_menu_typo_transform_tablet":"","ocean_menu_typo_transform_mobile":"","ocean_menu_typo_line_height":0,"ocean_menu_typo_line_height_tablet":0,"ocean_menu_typo_line_height_mobile":0,"ocean_menu_typo_line_height_unit":"","ocean_menu_typo_spacing":0,"ocean_menu_typo_spacing_tablet":0,"ocean_menu_typo_spacing_mobile":0,"ocean_menu_typo_spacing_unit":"","ocean_menu_link_color":"","ocean_menu_link_color_hover":"","ocean_menu_link_color_active":"","ocean_menu_link_background":"","ocean_menu_link_hover_background":"","ocean_menu_link_active_background":"","ocean_menu_social_links_bg":"","ocean_menu_social_hover_links_bg":"","ocean_menu_social_links_color":"","ocean_menu_social_hover_links_color":"","ocean_disable_title":"default","ocean_disable_heading":"default","ocean_post_title":"","ocean_post_subheading":"","ocean_post_title_style":"","ocean_post_title_background_color":"","ocean_post_title_background":0,"ocean_post_title_bg_image_position":"","ocean_post_title_bg_image_attachment":"","ocean_post_title_bg_image_repeat":"","ocean_post_title_bg_image_size":"","ocean_post_title_height":0,"ocean_post_title_bg_overlay":0.5,"ocean_post_title_bg_overlay_color":"","ocean_disable_breadcrumbs":"default","ocean_breadcrumbs_color":"","ocean_breadcrumbs_separator_color":"","ocean_breadcrumbs_links_color":"","ocean_breadcrumbs_links_hover_color":"","ocean_display_footer_widgets":"default","ocean_display_footer_bottom":"default","ocean_custom_footer_template":"","footnotes":""},"class_list":["post-757","page","type-page","status-publish","hentry","entry"],"_links":{"self":[{"href":"https:\/\/spoiguesthouse.is\/hu\/wp-json\/wp\/v2\/pages\/757","targetHints":{"allow":["GET"]}}],"collection":[{"href":"https:\/\/spoiguesthouse.is\/hu\/wp-json\/wp\/v2\/pages"}],"about":[{"href":"https:\/\/spoiguesthouse.is\/hu\/wp-json\/wp\/v2\/types\/page"}],"author":[{"embeddable":true,"href":"https:\/\/spoiguesthouse.is\/hu\/wp-json\/wp\/v2\/users\/3"}],"replies":[{"embeddable":true,"href":"https:\/\/spoiguesthouse.is\/hu\/wp-json\/wp\/v2\/comments?post=757"}],"version-history":[{"count":3,"href":"https:\/\/spoiguesthouse.is\/hu\/wp-json\/wp\/v2\/pages\/757\/revisions"}],"predecessor-version":[{"id":795,"href":"https:\/\/spoiguesthouse.is\/hu\/wp-json\/wp\/v2\/pages\/757\/revisions\/795"}],"wp:attachment":[{"href":"https:\/\/spoiguesthouse.is\/hu\/wp-json\/wp\/v2\/media?parent=757"}],"curies":[{"name":"wp","href":"https:\/\/api.w.org\/{rel}","templated":true}]}}